{"id":411,"date":"2020-09-11T19:26:25","date_gmt":"2020-09-11T19:26:25","guid":{"rendered":"https:\/\/globeline.cz\/?page_id=411"},"modified":"2020-09-11T19:49:41","modified_gmt":"2020-09-11T19:49:41","slug":"personal-data-protection","status":"publish","type":"page","link":"https:\/\/globeline.cz\/en\/personal-data-protection\/","title":{"rendered":"PERSONAL DATA PROTECTION"},"content":{"rendered":"<p>[et_pb_section bb_built=&#8221;1&#8243; admin_label=&#8221;section&#8221; fullwidth=&#8221;on&#8221; custom_padding_last_edited=&#8221;on|desktop&#8221; _builder_version=&#8221;3.22&#8243; background_color=&#8221;#152030&#8243; custom_padding=&#8221;3px|0px|0px|0px&#8221; custom_padding_tablet=&#8221;50px|0|50px|0&#8243; padding_mobile=&#8221;off&#8221; next_background_color=&#8221;#f7f7fc&#8221;][et_pb_fullwidth_header admin_label=&#8221;PERSONAL DATA PROTECTION Ochrana osobn\u00edch \u00fadaj\u016f&#8221; title=&#8221;PERSONAL DATA PROTECTION&#8221; text_orientation=&#8221;center&#8221; content_max_width=&#8221;130%&#8221; _builder_version=&#8221;4.6.1&#8243; title_font=&#8221;Roboto Condensed|||on|&#8221; title_font_size=&#8221;34px&#8221; subhead_font=&#8221;Roboto Condensed|on|||&#8221; subhead_font_size=&#8221;34px&#8221; background_color=&#8221;#152030&#8243; parallax=&#8221;on&#8221; hover_enabled=&#8221;0&#8243; title_font_size_phone=&#8221;20px&#8221; title_font_size_last_edited=&#8221;on|desktop&#8221; subhead_font_size_phone=&#8221;20px&#8221; subhead_font_size_last_edited=&#8221;on|desktop&#8221; custom_css_main_element=&#8221;letter-spacing: 3px;&#8221; custom_css_subtitle=&#8221;line-height:1.2em;&#8221; button_one_letter_spacing_hover=&#8221;0&#8243; button_two_letter_spacing_hover=&#8221;0&#8243; button_one_text_size__hover_enabled=&#8221;off&#8221; button_two_text_size__hover_enabled=&#8221;off&#8221; button_one_text_color__hover_enabled=&#8221;off&#8221; button_two_text_color__hover_enabled=&#8221;off&#8221; button_one_border_width__hover_enabled=&#8221;off&#8221; button_two_border_width__hover_enabled=&#8221;off&#8221; button_one_border_color__hover_enabled=&#8221;off&#8221; button_two_border_color__hover_enabled=&#8221;off&#8221; button_one_border_radius__hover_enabled=&#8221;off&#8221; button_two_border_radius__hover_enabled=&#8221;off&#8221; button_one_letter_spacing__hover_enabled=&#8221;on&#8221; button_one_letter_spacing__hover=&#8221;0&#8243; button_two_letter_spacing__hover_enabled=&#8221;on&#8221; button_two_letter_spacing__hover=&#8221;0&#8243; button_one_bg_color__hover_enabled=&#8221;off&#8221; button_two_bg_color__hover_enabled=&#8221;off&#8221; sticky_enabled=&#8221;0&#8243; \/][\/et_pb_section][et_pb_section bb_built=&#8221;1&#8243; admin_label=&#8221;Section&#8221; _builder_version=&#8221;3.22&#8243; background_color=&#8221;#f7f7fc&#8221; parallax=&#8221;on&#8221; parallax_method=&#8221;off&#8221; custom_padding=&#8221;19px|0px|1px|0px&#8221; prev_background_color=&#8221;#152030&#8243; next_background_color=&#8221;#192434&#8243;][et_pb_row admin_label=&#8221;Row&#8221; padding_mobile=&#8221;off&#8221; _builder_version=&#8221;3.25&#8243; background_size=&#8221;initial&#8221; background_position=&#8221;top_left&#8221; background_repeat=&#8221;repeat&#8221; width_unit=&#8221;off&#8221;][et_pb_column type=&#8221;4_4&#8243; _builder_version=&#8221;3.25&#8243; background_position=&#8221;top_left&#8221; custom_padding=&#8221;|||&#8221; custom_padding__hover=&#8221;|||&#8221;][et_pb_text admin_label=&#8221;Spole\u010dnost Globe Line Projects s.r.o. se s\u00eddlem Pr\u016fmyslov\u00e1 1472\/11, Praha 10 &#8211; Hostiva\u0159, 102 00, I\u010c 04317025, zapsan\u00e1 u M\u011bstsk\u00e9ho soudu v Praze, odd\u00edl C, vlo\u017eka 245801, jako spr\u00e1vce osobn\u00edch \u00fadaj\u016f podle \u010dl. 26 Na\u0159\u00edzen\u00ed, zpracov\u00e1v\u00e1 v p\u0159\u00edpad\u011b va\u0161\u00ed popt\u00e1vky slu\u017eeb ve smyslu na\u0159\u00edzen\u00ed Evropsk\u00e9ho parlamentu a Rady (EU) \u010d. 2016\/679 o ochran\u011b fyzick\u00fdch osob v souvislosti se zpracov\u00e1n\u00edm osobn\u00edch \u00fadaj\u016f a o voln\u00e9m pohybu t\u011bchto \u00fadaj\u016f a o zru\u0161en\u00ed sm\u011brnice 95\/46\/ES (obecn\u00e9 na\u0159\u00edzen\u00ed o ochran\u011b osobn\u00edch \u00fadaj\u016f) (d\u0159\u00edve i d\u00e1le jen \u201eNa\u0159\u00edzen\u00ed\u201c), n\u00e1sleduj\u00edc\u00ed osobn\u00ed \u00fadaje: jm\u00e9no, emailovou adresu, V\u0161echny tyto \u00fadaje (jm\u00e9no a emailov\u00e1 adresa) jsou zpracov\u00e1v\u00e1ny za \u00fa\u010delem vytvo\u0159en\u00ed nab\u00eddky slu\u017eeb, jedn\u00e1n\u00ed o t\u00e9to nab\u00eddce nebo pro odpov\u011b\u010f na V\u00e1mi vznesen\u00fd dotaz. Toto zpracov\u00e1n\u00ed umo\u017e\u0148uje \u010dl. 6. odst. 1 p\u00edsm. b) Na\u0159\u00edzen\u00ed. V\u00fd\u0161e uveden\u00e9 osobn\u00ed \u00fadaje budou spole\u010dnost\u00ed Globe Line Projects s.r.o. zpracov\u00e1v\u00e1ny po dobu jedn\u00e1n\u00ed o zak\u00e1zce mezi v\u00e1mi a spole\u010dnost\u00ed Globe Line Projects s.r.o. , nejd\u00e9le v\u0161ak 2 roky od va\u0161\u00ed popt\u00e1vky, pokud neud\u011bl\u00edte souhlas k dal\u0161\u00edmu zpracov\u00e1n\u00ed. Zpracov\u00e1n\u00ed osobn\u00edch \u00fadaj\u016f prov\u00e1d\u00ed Milan Kortan, kter\u00fd je spr\u00e1vcem osobn\u00edch \u00fadaj\u016f. Z\u00edskan\u00e9 osobn\u00ed \u00fadaje v\u0161ak pro spole\u010dnost Globe Line Projects s.r.o. mohou zpracov\u00e1vat i dal\u0161\u00ed poskytovatel\u00e9 zpracovatelsk\u00fdch softwar\u016f, slu\u017eeb a aplikac\u00ed, kter\u00e9 v\u0161ak v sou\u010dasn\u00e9 dob\u011b spole\u010dnost Globe Line Projects s.r.o. nevyu\u017e\u00edv\u00e1. Vezm\u011bte, pros\u00edm, na v\u011bdom\u00ed, \u017ee podle z\u00e1kona o ochran\u011b osobn\u00edch \u00fadaj\u016f m\u00e1te pr\u00e1vo: po\u017eadovat informaci, jak\u00e9 va\u0161e osobn\u00ed \u00fadaje zpracov\u00e1v\u00e1me, po\u017eadovat vysv\u011btlen\u00ed ohledn\u011b zpracov\u00e1n\u00ed osobn\u00edch \u00fadaj\u016f, vy\u017e\u00e1dat si p\u0159\u00edstup k t\u011bmto \u00fadaj\u016fm a nechat je aktualizovat nebo opravit, po\u017eadovat vymaz\u00e1n\u00ed v\u00fd\u0161e uveden\u00fdch osobn\u00edch \u00fadaj\u016f \u2013 tento v\u00fdmaz v\u0161ak bude m\u00edt za n\u00e1sledek ukon\u010den\u00ed jedn\u00e1n\u00ed o smlouv\u011b, v p\u0159\u00edpad\u011b pochybnost\u00ed o dodr\u017eov\u00e1n\u00ed povinnost\u00ed souvisej\u00edc\u00edch se zpracov\u00e1n\u00edm osobn\u00edch \u00fadaj\u016f obr\u00e1tit se na n\u00e1s nebo na \u00da\u0159ad pro ochranu osobn\u00edch \u00fadaj\u016f.&#8221; _builder_version=&#8221;4.6.1&#8243; text_orientation=&#8221;justified&#8221; hover_enabled=&#8221;0&#8243; border_style=&#8221;solid&#8221; sticky_enabled=&#8221;0&#8243; custom_padding=&#8221;||0px|||&#8221;]<\/p>\n<ol>\n<li style=\"padding-bottom: 30px!important;\">Globe Line Projects s.r.o. with the registered office at Pr\u016fmyslov\u00e1 1472\/11, Prague 10 \u2013 Hostiva\u0159, 102 00, I\u010c 04317025, registered with the Municipal Court in Prague, Section C, Entry 245801, as a personal data controller pursuant to Article 26 of the Regulation, processes your services in accordance with Regulation (EC) No 2016\/679 of the European Parliament and of the Council on the protection of individuals with regard to the processing of personal data and on the free movement of such data and repealing Directive 95\/46 \/ EC (General Regulation on the protection of personal data) &#8220;), The following personal information:\n<ul style=\"margin-left: 30px!important;\">\n<li>name,<\/li>\n<li>e-mail adress,<\/li>\n<\/ul>\n<\/li>\n<li style=\"padding-bottom: 30px!important;\">All these data (name and email address) are processed to create a service offer, negotiate this offer or answer your query. This processing allows Article 6 (1) b) Regulation. The above personal data will be Globe Line Projects s.r.o. processed during the negotiation of a contract between you and Globe Line Projects s.r.o. , but no more than 2 years from your request unless you agree to further processing.<\/li>\n<li style=\"padding-bottom: 30px!important;\">The processing of personal data is carried out by Milan Kortan, who is the personal data manager. However, the personal data obtained for Globe Line Projects s.r.o. may be processed by other providers of processing software, services and applications, which Globe Line Projects s.r.o. does not use it.<\/li>\n<li style=\"padding-bottom: 30px!important;\">Please note that under the Personal Data Protection Act you have the right to:\n<ul style=\"margin-left: 30px!important;\">\n<li>request information about what we process your personal information,<\/li>\n<li>request clarification regarding the processing of personal data,<\/li>\n<li>request access to and update or repair these data,<\/li>\n<li>request the deletion of the above personal data \u2013 but this deletion will result in termination of the negotiation of the contract,<\/li>\n<li>If you have any doubts about compliance with our personal data processing requirements,<br \/>\nplease contact us or the Office for Personal Data Protection.\n<\/li>\n<\/ul>\n<\/li>\n<\/ol>\n<p>[\/et_pb_text][\/et_pb_column][\/et_pb_row][\/et_pb_section][et_pb_section bb_built=&#8221;1&#8243; admin_label=&#8221;Section&#8221; specialty=&#8221;on&#8221; custom_padding_last_edited=&#8221;on|desktop&#8221; parallax_method_1=&#8221;off&#8221; parallax_method_2=&#8221;off&#8221; _builder_version=&#8221;3.22&#8243; background_color=&#8221;#192434&#8243; custom_padding_tablet=&#8221;50px|0|50px|0&#8243; transparent_background=&#8221;off&#8221; padding_mobile=&#8221;off&#8221; make_fullwidth=&#8221;off&#8221; use_custom_width=&#8221;off&#8221; width_unit=&#8221;on&#8221; prev_background_color=&#8221;#f7f7fc&#8221;][et_pb_column type=&#8221;1_3&#8243;][et_pb_blurb admin_label=&#8221;Globe Line Projects s.r.o. Pr\u016fmyslov\u00e1 1472\/11 Praha 10 \u2013 Hostiva\u0159 102 00&#8243; url=&#8221;#&#8221; use_icon=&#8221;on&#8221; font_icon=&#8221;%%122%%&#8221; icon_color=&#8221;#274b7e&#8221; icon_placement=&#8221;left&#8221; use_icon_font_size=&#8221;on&#8221; icon_font_size=&#8221;18&#8243; _builder_version=&#8221;3.0.87&#8243; body_font=&#8221;Open Sans||||&#8221; body_text_color=&#8221;#ffffff&#8221; body_font_size=&#8221;16&#8243; body_line_height=&#8221;1.5em&#8221; background_layout=&#8221;dark&#8221; animation=&#8221;off&#8221; border_style=&#8221;solid&#8221;]<\/p>\n<p><span style=\"color: #fff;\">Globe Line Projects s.r.o.<\/span><\/p>\n<p style=\"text-align: left; color: #fff;\">Pr\u016fmyslov\u00e1 1472\/11<\/p>\n<p style=\"text-align: left;\">Praha\u00a010 \u2013 Hostiva\u0159 102\u00a000<\/p>\n<p>I\u010c: 04317025 DI\u010c: CZ04317025 Spisov\u00e1 zna\u010dka: C\u00a0245801 veden\u00e1 u\u00a0M\u011bstsk\u00e9ho soudu v\u00a0Praze<\/p>\n<p>[\/et_pb_blurb][et_pb_text admin_label=&#8221;SLEDUJTE N\u00c1S NA&#8221; disabled_on=&#8221;on|on|on&#8221; _builder_version=&#8221;3.27.4&#8243; text_font=&#8221;Oswald|||on|&#8221; text_text_color=&#8221;#ffffff&#8221; text_font_size=&#8221;16&#8243; text_letter_spacing=&#8221;2px&#8221; background_layout=&#8221;dark&#8221; border_style=&#8221;solid&#8221; disabled=&#8221;on&#8221;]<\/p>\n<p class=\"\"><span class=\"\" style=\"color: #fff;\">SLEDUJTE N\u00c1S NA<\/span><\/p>\n<p style=\"text-align: left;\">\u00a0<\/p>\n<p>[\/et_pb_text][et_pb_social_media_follow admin_label=&#8221;Social Media Follow&#8221; url_new_window=&#8221;off&#8221; disabled_on=&#8221;on|on|on&#8221; module_id=&#8221;toptext&#8221; _builder_version=&#8221;3.0.87&#8243; background_layout=&#8221;dark&#8221; custom_css_main_element=&#8221;margin: 1% auto;&#8221; border_radii=&#8221;on|100%|100%|100%|100%&#8221; link_shape=&#8221;circle&#8221; disabled=&#8221;on&#8221;][et_pb_social_media_follow_network social_network=&#8221;facebook&#8221; url=&#8221;http:\/\/www.facebook.com&#8221; _builder_version=&#8221;3.0.74&#8243; background_color=&#8221;#3b5998&#8243; bg_color=&#8221;#3b5998&#8243; link_shape=&#8221;circle&#8221; follow_button=&#8221;off&#8221; url_new_window=&#8221;off&#8221;] Facebook [\/et_pb_social_media_follow_network][et_pb_social_media_follow_network social_network=&#8221;instagram&#8221; _builder_version=&#8221;3.0.74&#8243; background_color=&#8221;#517fa6&#8243; bg_color=&#8221;#517fa6&#8243; link_shape=&#8221;circle&#8221; follow_button=&#8221;off&#8221; url_new_window=&#8221;off&#8221;]instagram[\/et_pb_social_media_follow_network][et_pb_social_media_follow_network social_network=&#8221;linkedin&#8221; _builder_version=&#8221;3.0.74&#8243; background_color=&#8221;#007bb6&#8243; bg_color=&#8221;#007bb6&#8243; link_shape=&#8221;circle&#8221; follow_button=&#8221;off&#8221; url_new_window=&#8221;off&#8221;]linkedin[\/et_pb_social_media_follow_network][\/et_pb_social_media_follow][\/et_pb_column][et_pb_column type=&#8221;2_3&#8243; specialty_columns=&#8221;2&#8243;][et_pb_row_inner column_structure=&#8221;1_2,1_2&#8243; padding_mobile=&#8221;off&#8221; column_padding_mobile=&#8221;on&#8221; _builder_version=&#8221;3.25&#8243;][et_pb_column_inner type=&#8221;1_2&#8243; saved_specialty_column_type=&#8221;2_3&#8243; _builder_version=&#8221;3.25&#8243; custom_padding=&#8221;|||&#8221; custom_padding__hover=&#8221;|||&#8221; saved_specialty_column_type=&#8221;2_3&#8243;][et_pb_blurb admin_label=&#8221;info@globeline.cz&#8221; use_icon=&#8221;on&#8221; font_icon=&#8221;%%109%%&#8221; icon_color=&#8221;#274b7e&#8221; icon_placement=&#8221;left&#8221; use_icon_font_size=&#8221;on&#8221; icon_font_size=&#8221;20&#8243; _builder_version=&#8221;3.0.87&#8243; header_text_color=&#8221;#cbb379&#8243; body_font=&#8221;Open Sans||||&#8221; body_text_color=&#8221;#cbb379&#8243; body_font_size=&#8221;16&#8243; body_line_height=&#8221;1.5em&#8221; background_layout=&#8221;dark&#8221; custom_margin=&#8221;||0px|&#8221; custom_padding=&#8221;||15px|&#8221; animation=&#8221;off&#8221; border_style=&#8221;solid&#8221;]<\/p>\n<p><span style=\"color: #cbb379;\"><a href=\"mailto:info@globeline.cz\">info@globeline.cz<\/a><\/span><\/p>\n<p style=\"text-align: left;\">\n<p>[\/et_pb_blurb][et_pb_blurb admin_label=&#8221;+420 608 558 050&#8243; use_icon=&#8221;on&#8221; font_icon=&#8221;%%104%%&#8221; icon_color=&#8221;#274b7e&#8221; icon_placement=&#8221;left&#8221; use_icon_font_size=&#8221;on&#8221; icon_font_size=&#8221;20&#8243; _builder_version=&#8221;3.0.87&#8243; body_font=&#8221;Open Sans||||&#8221; body_text_color=&#8221;#cbb379&#8243; body_font_size=&#8221;16&#8243; body_line_height=&#8221;1.5em&#8221; background_layout=&#8221;dark&#8221; animation=&#8221;off&#8221; border_style=&#8221;solid&#8221;]<\/p>\n<p style=\"text-align: left; color: #cbb379;\"><a href=\"tel:+420608558050\">+420 608 558 050<\/a><\/p>\n<p style=\"text-align: left;\">\n<p>[\/et_pb_blurb][\/et_pb_column_inner][et_pb_column_inner type=&#8221;1_2&#8243; saved_specialty_column_type=&#8221;2_3&#8243; _builder_version=&#8221;3.25&#8243; custom_padding=&#8221;|||&#8221; custom_padding__hover=&#8221;|||&#8221; saved_specialty_column_type=&#8221;2_3&#8243;][et_pb_blurb admin_label=&#8221;V\u0161eobecn\u00e9 obchodn\u00ed podm\u00ednky&#8221; use_icon=&#8221;on&#8221; font_icon=&#8221;%%72%%&#8221; icon_color=&#8221;#274b7e&#8221; icon_placement=&#8221;left&#8221; use_icon_font_size=&#8221;on&#8221; icon_font_size=&#8221;20&#8243; _builder_version=&#8221;3.0.87&#8243; header_text_color=&#8221;#cbb379&#8243; body_font=&#8221;Open Sans||||&#8221; body_text_color=&#8221;#cbb379&#8243; body_font_size=&#8221;16&#8243; body_line_height=&#8221;1.5em&#8221; background_layout=&#8221;dark&#8221; custom_margin=&#8221;||0px|&#8221; custom_padding=&#8221;||15px|&#8221; animation=&#8221;off&#8221; border_style=&#8221;solid&#8221;]<\/p>\n<p><span style=\"color: #cbb379;\"><a href=\"\/wp-content\/uploads\/2017\/08\/GLP-VOP.pdf\" target=\"_blank\" rel=\"noopener noreferrer\">V\u0161eobecn\u00e9 obchodn\u00ed podm\u00ednky<\/a><\/span><\/p>\n<p>[\/et_pb_blurb][et_pb_blurb admin_label=&#8221;Poji\u0161t\u011bn\u00ed 2020&#8243; use_icon=&#8221;on&#8221; font_icon=&#8221;%%72%%&#8221; icon_color=&#8221;#274b7e&#8221; icon_placement=&#8221;left&#8221; use_icon_font_size=&#8221;on&#8221; icon_font_size=&#8221;20px&#8221; _builder_version=&#8221;3.29.3&#8243; body_font=&#8221;Open Sans||||&#8221; body_font_size=&#8221;16px&#8221; body_line_height=&#8221;1.5em&#8221; background_layout=&#8221;dark&#8221; custom_margin=&#8221;||0px|&#8221; custom_padding=&#8221;||15px|&#8221; animation=&#8221;off&#8221; z_index_tablet=&#8221;500&#8243; header_text_shadow_horizontal_length_tablet=&#8221;0px&#8221; header_text_shadow_vertical_length_tablet=&#8221;0px&#8221; header_text_shadow_blur_strength_tablet=&#8221;1px&#8221; body_text_shadow_horizontal_length_tablet=&#8221;0px&#8221; body_text_shadow_vertical_length_tablet=&#8221;0px&#8221; body_text_shadow_blur_strength_tablet=&#8221;1px&#8221; body_link_text_shadow_horizontal_length_tablet=&#8221;0px&#8221; body_link_text_shadow_vertical_length_tablet=&#8221;0px&#8221; body_link_text_shadow_blur_strength_tablet=&#8221;1px&#8221; body_ul_text_shadow_horizontal_length_tablet=&#8221;0px&#8221; body_ul_text_shadow_vertical_length_tablet=&#8221;0px&#8221; body_ul_text_shadow_blur_strength_tablet=&#8221;1px&#8221; body_ol_text_shadow_horizontal_length_tablet=&#8221;0px&#8221; body_ol_text_shadow_vertical_length_tablet=&#8221;0px&#8221; body_ol_text_shadow_blur_strength_tablet=&#8221;1px&#8221; body_quote_text_shadow_horizontal_length_tablet=&#8221;0px&#8221; body_quote_text_shadow_vertical_length_tablet=&#8221;0px&#8221; body_quote_text_shadow_blur_strength_tablet=&#8221;1px&#8221; box_shadow_horizontal_tablet=&#8221;0px&#8221; box_shadow_vertical_tablet=&#8221;0px&#8221; box_shadow_blur_tablet=&#8221;40px&#8221; box_shadow_spread_tablet=&#8221;0px&#8221; box_shadow_horizontal_image_tablet=&#8221;0px&#8221; box_shadow_vertical_image_tablet=&#8221;0px&#8221; box_shadow_blur_image_tablet=&#8221;40px&#8221; box_shadow_spread_image_tablet=&#8221;0px&#8221; text_shadow_horizontal_length_tablet=&#8221;0px&#8221; text_shadow_vertical_length_tablet=&#8221;0px&#8221; text_shadow_blur_strength_tablet=&#8221;1px&#8221; border_style=&#8221;solid&#8221;]<\/p>\n<p><span style=\"color: #cbb379;\"><a href=\"\/wp-content\/uploads\/2019\/09\/pojisteni2020.pdf\" target=\"_blank\" rel=\"noopener noreferrer\">Poji\u0161t\u011bn\u00ed 2020<\/a><\/span><\/p>\n<p>[\/et_pb_blurb][et_pb_blurb admin_label=&#8221;Informace o ochran\u011b osobn\u00edch \u00fadaj\u016f&#8221; use_icon=&#8221;on&#8221; font_icon=&#8221;%%72%%&#8221; icon_color=&#8221;#274b7e&#8221; icon_placement=&#8221;left&#8221; use_icon_font_size=&#8221;on&#8221; icon_font_size=&#8221;20&#8243; _builder_version=&#8221;3.0.87&#8243; body_font=&#8221;Open Sans||||&#8221; body_font_size=&#8221;16&#8243; body_line_height=&#8221;1.5em&#8221; background_layout=&#8221;dark&#8221; custom_margin=&#8221;||0px|&#8221; custom_padding=&#8221;||15px|&#8221; animation=&#8221;off&#8221; border_style=&#8221;solid&#8221;]<\/p>\n<p><span style=\"color: #cbb379;\"><a href=\"\/ochrana-osobnich-udaju\/\" target=\"_blank\" rel=\"noopener noreferrer\">Informace o ochran\u011b osobn\u00edch \u00fadaj\u016f<\/a><\/span><\/p>\n<p>[\/et_pb_blurb][\/et_pb_column_inner][\/et_pb_row_inner][\/et_pb_column][\/et_pb_section]<\/p>\n","protected":false},"excerpt":{"rendered":"<p>Globe Line Projects s.r.o. with the registered office at Pr\u016fmyslov\u00e1 1472\/11, Prague 10 \u2013 Hostiva\u0159, 102 00, I\u010c 04317025, registered with the Municipal Court in Prague, Section C, Entry 245801, as a personal data controller pursuant to Article 26 of the Regulation, processes your services in accordance with Regulation (EC) No 2016\/679 of the European [&hellip;]<\/p>\n","protected":false},"author":1,"featured_media":0,"parent":0,"menu_order":0,"comment_status":"closed","ping_status":"closed","template":"","meta":{"_et_pb_use_builder":"on","_et_pb_old_content":"","_et_gb_content_width":""},"_links":{"self":[{"href":"https:\/\/globeline.cz\/en\/wp-json\/wp\/v2\/pages\/411"}],"collection":[{"href":"https:\/\/globeline.cz\/en\/wp-json\/wp\/v2\/pages"}],"about":[{"href":"https:\/\/globeline.cz\/en\/wp-json\/wp\/v2\/types\/page"}],"author":[{"embeddable":true,"href":"https:\/\/globeline.cz\/en\/wp-json\/wp\/v2\/users\/1"}],"replies":[{"embeddable":true,"href":"https:\/\/globeline.cz\/en\/wp-json\/wp\/v2\/comments?post=411"}],"version-history":[{"count":0,"href":"https:\/\/globeline.cz\/en\/wp-json\/wp\/v2\/pages\/411\/revisions"}],"wp:attachment":[{"href":"https:\/\/globeline.cz\/en\/wp-json\/wp\/v2\/media?parent=411"}],"curies":[{"name":"wp","href":"https:\/\/api.w.org\/{rel}","templated":true}]}}